{"id":1420,"date":"2026-01-29T14:30:26","date_gmt":"2026-01-29T14:30:26","guid":{"rendered":"https:\/\/luckycaponecasino.org\/app\/"},"modified":"2026-02-02T07:58:35","modified_gmt":"2026-02-02T07:58:35","slug":"app","status":"publish","type":"page","link":"https:\/\/luckycaponecasino.org\/de\/app\/","title":{"rendered":"App"},"content":{"rendered":"<h1>Luckycapone App f\u00fcr Mobilger\u00e4te und Desktop<\/h1>\n<p>Mit der Luckycapone App haben Sie das gesamte Casino auf Ihrem Smartphone, Tablet oder Computer, ohne sich mit App-Store-Downloads oder umfangreichen Dateiinstallationen herumschlagen zu m\u00fcssen. Sie ist als progressive Webanwendung konzipiert, sodass Sie unabh\u00e4ngig von Ihrem Ger\u00e4t Zugriff auf die gesamte Spielbibliothek, Zahlungsfunktionen, Boni und Support haben. Luckycapone Casino hat daf\u00fcr gesorgt, dass auf dem Smartphone-Bildschirm und auf Ihrem Desktop alles gleich funktioniert.<\/p>\n<div class=\"banner-wrap\" aria-label=\"Banner\"><img src=\"https:\/\/luckycaponecasino.org\/wp-content\/uploads\/2026\/01\/Luckycapone-banner.webp\" class=\"w-100 d-none d-lg-block img-pc main-banner-img\" alt=\"Luckycapone banner\" fetchpriority=\"high\" decoding=\"async\"><img src=\"https:\/\/luckycaponecasino.org\/wp-content\/uploads\/2026\/01\/Mobile-banner.webp\" class=\"w-100 d-none d-md-block d-lg-none main-banner-img\" alt=\"Mobile banner\" fetchpriority=\"high\" decoding=\"async\"><img src=\"https:\/\/luckycaponecasino.org\/wp-content\/uploads\/2026\/01\/Mobile-banner.webp\" class=\"w-100 d-md-none\" alt=\"Mobile banner\" fetchpriority=\"high\" decoding=\"async\"><div class=\"banner-description\">\n<div class=\"banner-title\">Willkommensboni<\/div>\n<p class=\"banner-header-title\">1500 \u20ac<\/p>\n<div class=\"banner-header-AdditionalText\">+ 250 Freispiele<\/div>\n<button data-item=\"homepage_banner_link\" class=\"goto m-button m-gradient-border m-button--primary m-button--large banner-button btn-orange\">\n            <div class=\"m-button-content\">\n                <span>Jetzt anmelden<\/span>\n                <span><\/span>\n            <\/div>\n        <\/button>\n<\/div>\n<div class=\"WelcomePack\">\n<p><img loading=\"lazy\" decoding=\"async\" class=\"alignnone size-full wp-image-1480\" src=\"https:\/\/luckycaponecasino.org\/wp-content\/uploads\/2026\/01\/welcome-crown-1.svg\" alt=\"welcome crown\" width=\"25\" height=\"26\" \/><\/p>\n<div class=\"WelcomePack-Info\">W\u00f6chentlicher Cashback von bis zu 25 %<\/div>\n<p><img loading=\"lazy\" decoding=\"async\" class=\"alignnone size-full wp-image-1480\" src=\"https:\/\/luckycaponecasino.org\/wp-content\/uploads\/2026\/01\/welcome-crown-1.svg\" alt=\"welcome crown\" width=\"25\" height=\"26\" \/><\/p>\n<\/div>\n<\/div>\n<h2>Funktionen der Lucky Capone App<\/h2>\n<p>Die Luckycapone App entspricht den Funktionen der Desktop-Version, funktioniert jedoch besser f\u00fcr mobile Situationen. Spiele werden schnell geladen, Grafiken sehen auf kleineren Bildschirmen scharf aus und die Touch-Steuerung reagiert pr\u00e4zise. Die Navigation wird von komplexen Desktop-Men\u00fcs zu mobilfreundlichen Swipe-Oberfl\u00e4chen vereinfacht.<\/p>\n<p>Mobilger\u00e4te sind Desktop-Computern praktisch \u00fcberlegen, da Sie von \u00fcberall aus spielen k\u00f6nnen, wo es eine Internetverbindung gibt. Push-Benachrichtigungen informieren Sie sofort \u00fcber Werbeaktionen oder Turniere. Ein Desktop-Computer kann das nicht. Die Luckycapone App geht intelligent mit Daten um und verwendet zwischengespeicherte Inhalte, damit Ihr mobiles Datenvolumen nicht aufgebraucht wird.<\/p>\n<h3>Leistung und Kompatibilit\u00e4t auf verschiedenen Ger\u00e4ten<\/h3>\n<p>Luckycapone \u0421asino hat die App so entwickelt, dass sie auf verschiedenen Ger\u00e4ten reibungslos l\u00e4uft. Moderne Smartphones und Tablets bew\u00e4ltigen alles ohne Verz\u00f6gerungen. \u00c4ltere Ger\u00e4te laden m\u00f6glicherweise etwas langsamer, k\u00f6nnen aber dennoch auf alle Funktionen zugreifen. Die progressive Web-App passt sich automatisch an die Ger\u00e4tebeschr\u00e4nkungen an.<\/p>\n<table>\n<tbody>\n<tr>\n<td>Funktion<\/td>\n<td>Mobil<\/td>\n<td>Desktop<\/td>\n<\/tr>\n<tr>\n<td>Zugriff<\/td>\n<td>\u00dcberall mit Internetverbindung<\/td>\n<td>Ben\u00f6tigt Computer<\/td>\n<\/tr>\n<tr>\n<td>Bedienelemente<\/td>\n<td>Touchscreen<\/td>\n<td>Maus und Tastatur<\/td>\n<\/tr>\n<tr>\n<td>Benachrichtigungen<\/td>\n<td>Push-Benachrichtigungen<\/td>\n<td>Nur E-Mail<\/td>\n<\/tr>\n<tr>\n<td>Anzeige<\/td>\n<td>Vertikales Layout<\/td>\n<td>Horizontale Anordnung<\/td>\n<\/tr>\n<tr>\n<td>Spiele<\/td>\n<td>Vollst\u00e4ndige Bibliothek<\/td>\n<td>Vollst\u00e4ndige Bibliothek<\/td>\n<\/tr>\n<\/tbody>\n<\/table>\n<p>Die Qualit\u00e4t des Spielerlebnisses bleibt unabh\u00e4ngig von der Luckycapone-Plattform gleich. Online-Slots funktionieren auf Smartphones und Computern gleicherma\u00dfen. Live-Casino-Streams behalten bei guter Internetverbindung ihre Qualit\u00e4t. Die Zahlungsabwicklung funktioniert identisch, und der Verifizierungsprozess kann ohne Einschr\u00e4nkungen auf Mobilger\u00e4ten oder Desktop-Computern durchgef\u00fchrt werden.<\/p>\n<p><div class=\"scrollable-content-wrap my-5\"><div class=\"scrollable-content-inner\"><h2>Mobile Anwendung f\u00fcr iPhones und iPads<\/h2>\n<p>Besitzer von iPhones und iPads k\u00f6nnen \u00fcber Safari oder durch Installation der Web-App von der Casino-Website auf die Luckycapone App zugreifen. Das Spielen im Browser funktioniert ohne Installation \u2013 einfach einloggen und loslegen. Alles funktioniert: Spiele, Geldtransfers, Boni, Kontakt zum Support-Team.<\/p>\n<p>Die Installation als Web-App erm\u00f6glicht den Zugriff \u00fcber den Startbildschirm und Push-Benachrichtigungen:<\/p>\n<ol>\n<li>\u00d6ffnen Sie Luckycapone in Safari.<\/li>\n<li>Tippen Sie auf die Schaltfl\u00e4che \u201eTeilen\u201c (Quadrat mit Aufw\u00e4rtspfeil).<\/li>\n<li>Scrollen Sie nach unten und tippen Sie auf \u201eZum Startbildschirm hinzuf\u00fcgen\u201c.<\/li>\n<li>Tippen Sie auf \u201eHinzuf\u00fcgen\u201c.<\/li>\n<\/ol>\n<p>Das Luckycapone Casino-Symbol erscheint wie bei normalen Apps auf Ihrem Startbildschirm. Tippen Sie darauf, um direkt zum mobilen Casino zu gelangen, ohne zuerst Safari \u00f6ffnen zu m\u00fcssen. Push-Benachrichtigungen werden aktiviert und informieren Sie \u00fcber Werbeaktionen, Turnierranglisten und neue Spiele.<\/p>\n<h3>Fehlerbehebung bei h\u00e4ufigen Installationsproblemen<\/h3>\n<p>Installationsprobleme unter iOS lassen sich in der Regel auf typische Ursachen zur\u00fcckf\u00fchren. Wenn \u201eZum Startbildschirm hinzuf\u00fcgen\u201c nicht angezeigt wird, \u00fcberpr\u00fcfen Sie, ob Sie Safari verwenden \u2013 andere Browser k\u00f6nnen diese iOS-Funktion nicht korrekt verarbeiten. \u00c4ltere iOS-Versionen verhalten sich manchmal seltsam; ein Update behebt oft Probleme. Wenn nach der Installation kein Symbol angezeigt wird, bedeutet dies in der Regel, dass die Best\u00e4tigung nicht abgeschlossen wurde \u2013 f\u00fchren Sie den Vorgang erneut durch und achten Sie darauf, am Ende auf \u201eHinzuf\u00fcgen\u201c zu tippen.<\/p>\n<p>Wenn Push-Benachrichtigungen nicht funktionieren, \u00fcberpr\u00fcfen Sie die Benachrichtigungseinstellungen Ihres Ger\u00e4ts \u2013 die Luckycapone App ben\u00f6tigt eine Berechtigung. Langsames Laden oder Spiele, die sich nicht starten lassen, sind oft auf die Internetverbindung zur\u00fcckzuf\u00fchren. Wechseln Sie von Mobilfunk zu WLAN, wenn das Signal schwach ist. Um den Cache von Safari zu leeren, gehen Sie zu \u201eEinstellungen\u201c, dann zu \u201eSafari\u201c und w\u00e4hlen Sie \u201eVerlauf und Website-Daten l\u00f6schen\u201c. Wenn Sie immer noch Probleme haben, wenden Sie sich \u00fcber den Live-Chat an den Support.<\/p>\n<p><img loading=\"lazy\" decoding=\"async\" class=\"alignnone size-full wp-image-1371\" src=\"https:\/\/luckycaponecasino.org\/wp-content\/uploads\/2026\/01\/Luckycapone-iOS.webp\" alt=\"Luckycapone iOS\" width=\"1248\" height=\"536\" srcset=\"https:\/\/luckycaponecasino.org\/wp-content\/uploads\/2026\/01\/Luckycapone-iOS.webp 1248w, https:\/\/luckycaponecasino.org\/wp-content\/uploads\/2026\/01\/Luckycapone-iOS-300x129.webp 300w, https:\/\/luckycaponecasino.org\/wp-content\/uploads\/2026\/01\/Luckycapone-iOS-1024x440.webp 1024w, https:\/\/luckycaponecasino.org\/wp-content\/uploads\/2026\/01\/Luckycapone-iOS-768x330.webp 768w\" sizes=\"auto, (max-width: 1248px) 100vw, 1248px\" \/><\/p>\n<\/div><\/div><div style=\"clear: both\"><\/div><div class=\"d-flex justify-content-center\"><button data-item=\"decouvrez_link\" data-group=\"website_links\" class=\"goto fw-bold rounded-pill btn btn-orange\" aria-label=\"Laden Sie die Luckycapone-App herunter\" >Laden Sie die Luckycapone-App herunter<\/button><\/div><div class=\"scrollable-content-wrap my-5\"><div class=\"scrollable-content-inner\"><h2>Lucky Capone App f\u00fcr Android<\/h2>\n<p>Android-Ger\u00e4te greifen \u00fcber Chrome, Firefox oder andere Browser auf Luckycapone zu. Das Spielen \u00fcber den Browser funktioniert ohne Installation \u2013 alle Funktionen sind verf\u00fcgbar. Durch die Installation der Web-App erhalten Sie Zugriff auf den Startbildschirm und Push-Benachrichtigungen.<\/p>\n<h3>Installationsprozess<\/h3>\n<p>So laden Sie die Lucky Capone App herunter:<\/p>\n<ol>\n<li>Scrollen Sie auf der Website in Ihrem Android-Browser nach unten.<\/li>\n<li>Tippen Sie auf \u201eCasino-App\u201c.<\/li>\n<li>Klicken Sie auf \u201eInstallieren\u201d.<\/li>\n<li>Warten Sie, bis der Vorgang abgeschlossen ist.<\/li>\n<\/ol>\n<p>Das Luckycapone-Symbol erscheint in Ihrem App-Drawer und kann wie normale Apps auf den Startbildschirmen angezeigt werden. Updates erfolgen automatisch \u2013 Sie verwenden immer die neueste Version, ohne manuelle Downloads. Der Speicherbedarf bleibt minimal, da progressive Web-Apps zwischengespeicherte Daten effizient nutzen.<\/p>\n<p><img loading=\"lazy\" decoding=\"async\" src=\"https:\/\/luckycaponecasino.org\/wp-content\/uploads\/2026\/01\/Luckycapone-Android.webp\" alt=\"Luckycapone Android\" width=\"1248\" height=\"536\" \/><\/p>\n<\/div><\/div><div style=\"clear: both\"><\/div><div class=\"d-flex justify-content-center\"><button data-item=\"decouvrez_link\" data-group=\"website_links\" class=\"goto fw-bold rounded-pill btn btn-orange\" aria-label=\"Laden Sie die Luckycapone-App herunter\" >Laden Sie die Luckycapone-App herunter<\/button><\/div><div class=\"scrollable-content-wrap my-5\"><div class=\"scrollable-content-inner\"><h2>Luckycapone auf dem Desktop f\u00fcr macOS oder Windows<\/h2>\n<p>Um Lucky Capone auf Ihrem Computer zu spielen, m\u00fcssen Sie keine Programme herunterladen, die Ihre Festplatte verstopfen. Es l\u00e4uft \u00fcber normale Browser sowohl auf Mac als auch auf Windows. F\u00fcr einen schnelleren Zugriff erstellen Sie eine Desktop-Verkn\u00fcpfung, mit der Sie das Casino mit einem Klick \u00f6ffnen k\u00f6nnen.<\/p>\n<p>Windows-Benutzer klicken auf das Drei-Punkte-Men\u00fc bei Luckycapone und w\u00e4hlen \u201eZum Desktop hinzuf\u00fcgen\u201d. Mac-Benutzer f\u00fchren \u00e4hnliche Schritte in Safari oder Chrome aus. Die Verkn\u00fcpfung startet das Luckycapone Casino in einem eigenen Fenster statt in einem weiteren Browser-Tab.<\/p>\n<p>Der Desktop punktet mit mehr Platz auf dem Bildschirm und pr\u00e4ziserer Steuerung. Auf gr\u00f6\u00dferen Monitoren k\u00f6nnen Sie die Details der Online-Slots mit ihren komplexen Grafiken besser erkennen. Live-Casino-Streams profitieren von der gr\u00f6\u00dferen Anzeigefl\u00e4che \u2013 Sie k\u00f6nnen die Bewegungen des Dealers klar erkennen, jedes Umdrehen der Karten sehen und die Tischinformationen lesen, ohne zoomen zu m\u00fcssen. Auch wenn Sie mehrere Spiele gleichzeitig spielen, wirkt der Bildschirm nicht \u00fcberf\u00fcllt. Bei Tischspielen, die eine pr\u00e4zise Platzierung der Chips erfordern, ist die Steuerung mit der Maus besser als mit Touchscreens.<\/p>\n<h3>Unterschiede zwischen Desktop- und Mobil-Gameplay<\/h3>\n<p>Die Desktop- und Mobilversionen von Luckycapone Casino funktionieren im Kern identisch \u2013 gleiche Spiele, gleiche Funktionen, gleiches Konto. Unterschiede zeigen sich im Layout und in der Interaktion. Der Desktop erstreckt sich horizontal \u00fcber breite Bildschirme, w\u00e4hrend das Mobilger\u00e4t f\u00fcr die Anzeige auf dem Smartphone vertikal gestapelt ist. Touch ersetzt Mausklicks. Die Benachrichtigungen unterscheiden sich \u2013 auf Mobilger\u00e4ten werden Push-Benachrichtigungen zu Werbeaktionen und Turnieren gesendet, auf dem Desktop muss die Website oder E-Mail \u00fcberpr\u00fcft werden. Der Desktop hat vor allem beim Multitasking die Nase vorn \u2013 das \u00d6ffnen anderer Apps neben dem Luckycapone Casino, die Verwaltung detaillierter Aufzeichnungen und das Anpassen von Einstellungen f\u00fchlen sich auf gr\u00f6\u00dferen Bildschirmen weniger beengt an.<img loading=\"lazy\" decoding=\"async\" class=\"alignnone size-full wp-image-1377\" style=\"font-size: 16px\" src=\"https:\/\/luckycaponecasino.org\/wp-content\/uploads\/2026\/01\/Luckycapone-Desktop.webp\" alt=\"Luckycapone Desktop\" width=\"1248\" height=\"536\" srcset=\"https:\/\/luckycaponecasino.org\/wp-content\/uploads\/2026\/01\/Luckycapone-Desktop.webp 1248w, https:\/\/luckycaponecasino.org\/wp-content\/uploads\/2026\/01\/Luckycapone-Desktop-300x129.webp 300w, https:\/\/luckycaponecasino.org\/wp-content\/uploads\/2026\/01\/Luckycapone-Desktop-1024x440.webp 1024w, https:\/\/luckycaponecasino.org\/wp-content\/uploads\/2026\/01\/Luckycapone-Desktop-768x330.webp 768w\" sizes=\"auto, (max-width: 1248px) 100vw, 1248px\" \/><\/p>\n<\/div><\/div><div style=\"clear: both\"><\/div><div class=\"d-flex justify-content-center\"><button data-item=\"decouvrez_link\" data-group=\"website_links\" class=\"goto fw-bold rounded-pill btn btn-orange\" aria-label=\"Laden Sie die Luckycapone-App herunter\" >Laden Sie die Luckycapone-App herunter<\/button><\/div><div class=\"scrollable-content-wrap my-5\"><div class=\"scrollable-content-inner\"><h2>FAQ<\/h2>\n<h3>Gibt es Unterschiede in der Grafik oder Spielleistung zwischen der Mac- und der Windows-Version von Luckycapone?<\/h3>\n<p>Es gibt keine wirklichen Unterschiede. Lucky Capone Casino l\u00e4uft auf beiden Plattformen \u00fcber Browser, sodass Grafik, Geschwindigkeit und Funktionalit\u00e4t identisch bleiben. Die Wahl des Browsers ist wichtiger als das Betriebssystem. Leistungsunterschiede sind auf die Hardware Ihres Computers, die Internetgeschwindigkeit oder die Browseroptimierung zur\u00fcckzuf\u00fchren und nicht auf Unterschiede zwischen Mac und Windows.<\/p>\n<h3>Ist die Android-App sowohl mit Tablets als auch mit Smartphones kompatibel?<\/h3>\n<p>Die Android-App \u201eLuckycapone\u201d funktioniert auf Smartphones und Tablets. Die App erkennt die Bildschirmgr\u00f6\u00dfe und passt sich automatisch an. Tablets erhalten ein horizontales Layout mit zus\u00e4tzlicher Breite, Smartphones ein vertikales Layout f\u00fcr die Einhandbedienung. Die Leistung bleibt \u00fcber alle Ger\u00e4tetypen hinweg konsistent, solange Android und Ihr Browser auf einem aktuellen Stand sind.<\/p>\n<h3>Wie oft wird die Lucky Capone Mobile App aktualisiert und erfolgen Updates automatisch?<\/h3>\n<p>Updates erfolgen automatisch, ohne dass manuelle Downloads erforderlich sind. Wenn Luckycapone Casino Updates an die Server \u00fcbertr\u00e4gt, erh\u00e4lt Ihre App die \u00c4nderungen beim n\u00e4chsten Start. Sie verwenden immer die aktuelle Version, ohne etwas \u00fcberpr\u00fcfen zu m\u00fcssen. Der Zeitpunkt der Updates variiert: w\u00f6chentlich neue Spiele, Sicherheitspatches nach Bedarf und regelm\u00e4\u00dfige Anpassungen der Benutzeroberfl\u00e4che. Die meisten Updates erfolgen unsichtbar im Hintergrund.<\/p>\n<h3>Unterst\u00fctzt die iOS-App \u00e4ltere iPhone- oder iPad-Modelle?<\/h3>\n<p>Die iOS-Version von Lucky Capone funktioniert auf den meisten \u00e4lteren iPhones und iPads, solange sie mit einer relativ aktuellen iOS-Version und einem aktualisierten Safari-Browser laufen. Ger\u00e4te ab etwa 2016 kommen in der Regel gut damit zurecht. \u00c4ltere Hardware kann beim Laden von Slots mit aufwendigen Grafiken etwas langsamer sein, aber Sie k\u00f6nnen trotzdem spielen und auf alle wichtigen Funktionen zugreifen. Wenn Ihr Ger\u00e4t Probleme hat, schlie\u00dfen Sie alle im Hintergrund laufenden Apps, stellen Sie sicher, dass iOS auf die neueste Version f\u00fcr Ihr Modell aktualisiert ist, oder leeren Sie den Cache von Safari, um etwas Speicherplatz freizugeben. Wenn Sie sich nicht sicher sind, ob Ihr spezielles iPhone oder iPad geeignet ist, senden Sie dem Support-Team \u00fcber den Live-Chat eine Nachricht mit Ihrem Modell \u2013 wir sagen Ihnen direkt, ob es reibungslos laufen wird oder nicht.<\/p>\n<\/div><\/div><\/p>\n","protected":false},"excerpt":{"rendered":"<p>Luckycapone App f\u00fcr Mobilger\u00e4te und Desktop Mit der Luckycapone App haben Sie das gesamte Casino auf Ihrem Smartphone, Tablet oder Computer, ohne sich mit App-Store-Downloads oder umfangreichen Dateiinstallationen herumschlagen zu m\u00fcssen. Sie ist als progressive Webanwendung konzipiert, sodass Sie unabh\u00e4ngig von Ihrem Ger\u00e4t Zugriff auf die gesamte Spielbibliothek, Zahlungsfunktionen, Boni und Support haben. Luckycapone Casino [&hellip;]<\/p>\n","protected":false},"author":1,"featured_media":0,"parent":0,"menu_order":0,"comment_status":"closed","ping_status":"closed","template":"template-builder.php","meta":{"_acf_changed":false,"inline_featured_image":false,"footnotes":""},"class_list":["post-1420","page","type-page","status-publish","hentry"],"acf":[],"yoast_head":"<!-- This site is optimized with the Yoast SEO plugin v27.3 - https:\/\/yoast.com\/product\/yoast-seo-wordpress\/ -->\n<title>Luckycapone Casino App | Jetzt f\u00fcr iOS &amp; Android herunterladen<\/title>\n<meta name=\"description\" content=\"Die Lucky Capone App bietet Zugriff auf all Ihre Lieblingsspiele auf Smartphones, Tablets und Desktop-Computern. Spieler profitieren von kurzen Ladezeiten, sicherem In-App-Banking sowie synchronisierten Bonus- und Kontodaten.\" \/>\n<meta name=\"robots\" content=\"index, follow, max-snippet:-1, max-image-preview:large, max-video-preview:-1\" \/>\n<link rel=\"canonical\" href=\"https:\/\/luckycaponecasino.org\/de\/app\/\" \/>\n<meta property=\"og:locale\" content=\"de_DE\" \/>\n<meta property=\"og:type\" content=\"article\" \/>\n<meta property=\"og:title\" content=\"Luckycapone Casino App | Jetzt f\u00fcr iOS &amp; Android herunterladen\" \/>\n<meta property=\"og:description\" content=\"Die Lucky Capone App bietet Zugriff auf all Ihre Lieblingsspiele auf Smartphones, Tablets und Desktop-Computern. Spieler profitieren von kurzen Ladezeiten, sicherem In-App-Banking sowie synchronisierten Bonus- und Kontodaten.\" \/>\n<meta property=\"og:url\" content=\"https:\/\/luckycaponecasino.org\/de\/app\/\" \/>\n<meta property=\"og:site_name\" content=\"luckycapone\" \/>\n<meta property=\"article:modified_time\" content=\"2026-02-02T07:58:35+00:00\" \/>\n<meta name=\"twitter:card\" content=\"summary_large_image\" \/>\n<meta name=\"twitter:label1\" content=\"Gesch\u00e4tzte Lesezeit\" \/>\n\t<meta name=\"twitter:data1\" content=\"2\u00a0Minuten\" \/>\n<script type=\"application\/ld+json\" class=\"yoast-schema-graph\">{\"@context\":\"https:\\\/\\\/schema.org\",\"@graph\":[{\"@type\":\"WebPage\",\"@id\":\"https:\\\/\\\/luckycaponecasino.org\\\/de\\\/app\\\/\",\"url\":\"https:\\\/\\\/luckycaponecasino.org\\\/de\\\/app\\\/\",\"name\":\"Luckycapone Casino App | Jetzt f\u00fcr iOS & Android herunterladen\",\"isPartOf\":{\"@id\":\"https:\\\/\\\/luckycaponecasino.org\\\/de\\\/#website\"},\"datePublished\":\"2026-01-29T14:30:26+00:00\",\"dateModified\":\"2026-02-02T07:58:35+00:00\",\"description\":\"Die Lucky Capone App bietet Zugriff auf all Ihre Lieblingsspiele auf Smartphones, Tablets und Desktop-Computern. Spieler profitieren von kurzen Ladezeiten, sicherem In-App-Banking sowie synchronisierten Bonus- und Kontodaten.\",\"breadcrumb\":{\"@id\":\"https:\\\/\\\/luckycaponecasino.org\\\/de\\\/app\\\/#breadcrumb\"},\"inLanguage\":\"de\",\"potentialAction\":[{\"@type\":\"ReadAction\",\"target\":[\"https:\\\/\\\/luckycaponecasino.org\\\/de\\\/app\\\/\"]}]},{\"@type\":\"BreadcrumbList\",\"@id\":\"https:\\\/\\\/luckycaponecasino.org\\\/de\\\/app\\\/#breadcrumb\",\"itemListElement\":[{\"@type\":\"ListItem\",\"position\":1,\"name\":\"Luckycapone\",\"item\":\"https:\\\/\\\/luckycaponecasino.org\\\/de\\\/\"},{\"@type\":\"ListItem\",\"position\":2,\"name\":\"App\"}]},{\"@type\":\"WebSite\",\"@id\":\"https:\\\/\\\/luckycaponecasino.org\\\/de\\\/#website\",\"url\":\"https:\\\/\\\/luckycaponecasino.org\\\/de\\\/\",\"name\":\"Luckycapone\",\"description\":\"\",\"publisher\":{\"@id\":\"https:\\\/\\\/luckycaponecasino.org\\\/de\\\/#organization\"},\"potentialAction\":[{\"@type\":\"SearchAction\",\"target\":{\"@type\":\"EntryPoint\",\"urlTemplate\":\"https:\\\/\\\/luckycaponecasino.org\\\/de\\\/?s={search_term_string}\"},\"query-input\":{\"@type\":\"PropertyValueSpecification\",\"valueRequired\":true,\"valueName\":\"search_term_string\"}}],\"inLanguage\":\"de\"},{\"@type\":\"Organization\",\"@id\":\"https:\\\/\\\/luckycaponecasino.org\\\/de\\\/#organization\",\"name\":\"Luckycapone\",\"url\":\"https:\\\/\\\/luckycaponecasino.org\\\/de\\\/\",\"logo\":{\"@type\":\"ImageObject\",\"inLanguage\":\"de\",\"@id\":\"https:\\\/\\\/luckycaponecasino.org\\\/de\\\/#\\\/schema\\\/logo\\\/image\\\/\",\"url\":\"https:\\\/\\\/luckycaponecasino.org\\\/wp-content\\\/uploads\\\/2026\\\/01\\\/logo-luckycapone.svg\",\"contentUrl\":\"https:\\\/\\\/luckycaponecasino.org\\\/wp-content\\\/uploads\\\/2026\\\/01\\\/logo-luckycapone.svg\",\"width\":70,\"height\":24,\"caption\":\"Luckycapone\"},\"image\":{\"@id\":\"https:\\\/\\\/luckycaponecasino.org\\\/de\\\/#\\\/schema\\\/logo\\\/image\\\/\"}}]}<\/script>\n<!-- \/ Yoast SEO plugin. -->","yoast_head_json":{"title":"Luckycapone Casino App | Jetzt f\u00fcr iOS & Android herunterladen","description":"Die Lucky Capone App bietet Zugriff auf all Ihre Lieblingsspiele auf Smartphones, Tablets und Desktop-Computern. Spieler profitieren von kurzen Ladezeiten, sicherem In-App-Banking sowie synchronisierten Bonus- und Kontodaten.","robots":{"index":"index","follow":"follow","max-snippet":"max-snippet:-1","max-image-preview":"max-image-preview:large","max-video-preview":"max-video-preview:-1"},"canonical":"https:\/\/luckycaponecasino.org\/de\/app\/","og_locale":"de_DE","og_type":"article","og_title":"Luckycapone Casino App | Jetzt f\u00fcr iOS & Android herunterladen","og_description":"Die Lucky Capone App bietet Zugriff auf all Ihre Lieblingsspiele auf Smartphones, Tablets und Desktop-Computern. Spieler profitieren von kurzen Ladezeiten, sicherem In-App-Banking sowie synchronisierten Bonus- und Kontodaten.","og_url":"https:\/\/luckycaponecasino.org\/de\/app\/","og_site_name":"luckycapone","article_modified_time":"2026-02-02T07:58:35+00:00","twitter_card":"summary_large_image","twitter_misc":{"Gesch\u00e4tzte Lesezeit":"2\u00a0Minuten"},"schema":{"@context":"https:\/\/schema.org","@graph":[{"@type":"WebPage","@id":"https:\/\/luckycaponecasino.org\/de\/app\/","url":"https:\/\/luckycaponecasino.org\/de\/app\/","name":"Luckycapone Casino App | Jetzt f\u00fcr iOS & Android herunterladen","isPartOf":{"@id":"https:\/\/luckycaponecasino.org\/de\/#website"},"datePublished":"2026-01-29T14:30:26+00:00","dateModified":"2026-02-02T07:58:35+00:00","description":"Die Lucky Capone App bietet Zugriff auf all Ihre Lieblingsspiele auf Smartphones, Tablets und Desktop-Computern. Spieler profitieren von kurzen Ladezeiten, sicherem In-App-Banking sowie synchronisierten Bonus- und Kontodaten.","breadcrumb":{"@id":"https:\/\/luckycaponecasino.org\/de\/app\/#breadcrumb"},"inLanguage":"de","potentialAction":[{"@type":"ReadAction","target":["https:\/\/luckycaponecasino.org\/de\/app\/"]}]},{"@type":"BreadcrumbList","@id":"https:\/\/luckycaponecasino.org\/de\/app\/#breadcrumb","itemListElement":[{"@type":"ListItem","position":1,"name":"Luckycapone","item":"https:\/\/luckycaponecasino.org\/de\/"},{"@type":"ListItem","position":2,"name":"App"}]},{"@type":"WebSite","@id":"https:\/\/luckycaponecasino.org\/de\/#website","url":"https:\/\/luckycaponecasino.org\/de\/","name":"Luckycapone","description":"","publisher":{"@id":"https:\/\/luckycaponecasino.org\/de\/#organization"},"potentialAction":[{"@type":"SearchAction","target":{"@type":"EntryPoint","urlTemplate":"https:\/\/luckycaponecasino.org\/de\/?s={search_term_string}"},"query-input":{"@type":"PropertyValueSpecification","valueRequired":true,"valueName":"search_term_string"}}],"inLanguage":"de"},{"@type":"Organization","@id":"https:\/\/luckycaponecasino.org\/de\/#organization","name":"Luckycapone","url":"https:\/\/luckycaponecasino.org\/de\/","logo":{"@type":"ImageObject","inLanguage":"de","@id":"https:\/\/luckycaponecasino.org\/de\/#\/schema\/logo\/image\/","url":"https:\/\/luckycaponecasino.org\/wp-content\/uploads\/2026\/01\/logo-luckycapone.svg","contentUrl":"https:\/\/luckycaponecasino.org\/wp-content\/uploads\/2026\/01\/logo-luckycapone.svg","width":70,"height":24,"caption":"Luckycapone"},"image":{"@id":"https:\/\/luckycaponecasino.org\/de\/#\/schema\/logo\/image\/"}}]}},"_links":{"self":[{"href":"https:\/\/luckycaponecasino.org\/de\/wp-json\/wp\/v2\/pages\/1420","targetHints":{"allow":["GET"]}}],"collection":[{"href":"https:\/\/luckycaponecasino.org\/de\/wp-json\/wp\/v2\/pages"}],"about":[{"href":"https:\/\/luckycaponecasino.org\/de\/wp-json\/wp\/v2\/types\/page"}],"author":[{"embeddable":true,"href":"https:\/\/luckycaponecasino.org\/de\/wp-json\/wp\/v2\/users\/1"}],"replies":[{"embeddable":true,"href":"https:\/\/luckycaponecasino.org\/de\/wp-json\/wp\/v2\/comments?post=1420"}],"version-history":[{"count":3,"href":"https:\/\/luckycaponecasino.org\/de\/wp-json\/wp\/v2\/pages\/1420\/revisions"}],"predecessor-version":[{"id":1823,"href":"https:\/\/luckycaponecasino.org\/de\/wp-json\/wp\/v2\/pages\/1420\/revisions\/1823"}],"wp:attachment":[{"href":"https:\/\/luckycaponecasino.org\/de\/wp-json\/wp\/v2\/media?parent=1420"}],"curies":[{"name":"wp","href":"https:\/\/api.w.org\/{rel}","templated":true}]}}