{"id":1427,"date":"2026-01-29T14:30:26","date_gmt":"2026-01-29T14:30:26","guid":{"rendered":"https:\/\/luckycaponecasino.org\/app\/"},"modified":"2026-02-02T07:43:50","modified_gmt":"2026-02-02T07:43:50","slug":"aplicacion","status":"publish","type":"page","link":"https:\/\/luckycaponecasino.org\/es\/aplicacion\/","title":{"rendered":"Aplicaci\u00f3n"},"content":{"rendered":"<h1>Aplicaci\u00f3n Luckycapone para m\u00f3viles y ordenadores<\/h1>\n<p>Luckycapone App pone todo el casino en tu tel\u00e9fono, tableta u ordenador sin que tengas que lidiar con descargas de la tienda de aplicaciones o instalaciones de archivos pesados. Est\u00e1 construida como una aplicaci\u00f3n web progresiva, lo que significa que todos los jugadores espa\u00f1oles obtienen la biblioteca completa de juegos, las funciones de pago, los bonos y la asistencia, independientemente del dispositivo que utilicen. Luckycapone Casino se ha asegurado de que todo funcione igual en la pantalla de un tel\u00e9fono y en tu escritorio.<\/p>\n<div class=\"banner-wrap\" aria-label=\"Banner\"><img src=\"https:\/\/luckycaponecasino.org\/wp-content\/uploads\/2026\/01\/Luckycapone-banner.webp\" class=\"w-100 d-none d-lg-block img-pc main-banner-img\" alt=\"Luckycapone banner\" fetchpriority=\"high\" decoding=\"async\"><img src=\"https:\/\/luckycaponecasino.org\/wp-content\/uploads\/2026\/01\/Mobile-banner.webp\" class=\"w-100 d-none d-md-block d-lg-none main-banner-img\" alt=\"Mobile banner\" fetchpriority=\"high\" decoding=\"async\"><img src=\"https:\/\/luckycaponecasino.org\/wp-content\/uploads\/2026\/01\/Mobile-banner.webp\" class=\"w-100 d-md-none\" alt=\"Mobile banner\" fetchpriority=\"high\" decoding=\"async\"><div class=\"banner-description\">\n<div class=\"banner-title\">Bonos de bienvenida<\/div>\n<p class=\"banner-header-title\">1500 \u20ac<\/p>\n<div class=\"banner-header-AdditionalText\">+ 250 Tiradas gratis<\/div>\n<button data-item=\"homepage_banner_link\" class=\"goto m-button m-gradient-border m-button--primary m-button--large banner-button btn-orange\">\n            <div class=\"m-button-content\">\n                <span>Reg\u00edstrate ahora<\/span>\n                <span><\/span>\n            <\/div>\n        <\/button>\n<\/div>\n<div class=\"WelcomePack\">\n<p><img loading=\"lazy\" decoding=\"async\" class=\"alignnone size-full wp-image-1484\" src=\"https:\/\/luckycaponecasino.org\/wp-content\/uploads\/2026\/01\/welcome-crown-1.svg\" alt=\"welcome crown\" width=\"25\" height=\"26\" \/><\/p>\n<div class=\"WelcomePack-Info\">Reembolso semanal de hasta el 25 %<\/div>\n<p><img loading=\"lazy\" decoding=\"async\" class=\"alignnone size-full wp-image-1484\" src=\"https:\/\/luckycaponecasino.org\/wp-content\/uploads\/2026\/01\/welcome-crown-1.svg\" alt=\"welcome crown\" width=\"25\" height=\"26\" \/><\/p>\n<\/div>\n<\/div>\n<h2>Caracter\u00edsticas de la aplicaci\u00f3n Lucky Capone<\/h2>\n<p>La aplicaci\u00f3n Luckycapone iguala las capacidades de los ordenadores de sobremesa, pero funciona mejor en situaciones m\u00f3viles. Los juegos se cargan r\u00e1pidamente, los gr\u00e1ficos se ven n\u00edtidos en pantallas m\u00e1s peque\u00f1as y los controles t\u00e1ctiles responden con precisi\u00f3n. La navegaci\u00f3n se simplifica, pasando de los complejos men\u00fas de los ordenadores de sobremesa a interfaces t\u00e1ctiles adaptadas a los dispositivos m\u00f3viles.<\/p>\n<p>El m\u00f3vil supera al escritorio en la pr\u00e1ctica, ya que puedes jugar desde cualquier lugar con conexi\u00f3n a Internet. Las alertas push te notifican inmediatamente las promociones o torneos. Un escritorio no puede hacer eso. La aplicaci\u00f3n Luckycapone gestiona los datos de forma inteligente, utilizando contenido almacenado en cach\u00e9 para no agotar tu asignaci\u00f3n de datos m\u00f3viles.<\/p>\n<h3>Rendimiento y compatibilidad en todos los dispositivos<\/h3>\n<p>Luckycapone \u0421asino ha creado la aplicaci\u00f3n para que funcione con fluidez en diferentes dispositivos. Los tel\u00e9fonos y tabletas modernos lo gestionan todo sin ralentizaciones. Los dispositivos m\u00e1s antiguos pueden tardar un poco m\u00e1s en cargarse, pero siguen teniendo acceso a todas las funciones. La aplicaci\u00f3n web progresiva se ajusta autom\u00e1ticamente a los l\u00edmites del dispositivo.<\/p>\n<table>\n<tbody>\n<tr>\n<td>Caracter\u00edstica<\/td>\n<td>M\u00f3vil<\/td>\n<td>Ordenador<\/td>\n<\/tr>\n<tr>\n<td>Acceso<\/td>\n<td>En cualquier lugar con conexi\u00f3n a Internet<\/td>\n<td>Requiere ordenador<\/td>\n<\/tr>\n<tr>\n<td>Controles<\/td>\n<td>Pantalla t\u00e1ctil<\/td>\n<td>Rat\u00f3n y teclado<\/td>\n<\/tr>\n<tr>\n<td>Alertas<\/td>\n<td>Notificaciones push<\/td>\n<td>Solo correo electr\u00f3nico<\/td>\n<\/tr>\n<tr>\n<td>Pantalla<\/td>\n<td>Dise\u00f1o vertical<\/td>\n<td>Distribuci\u00f3n horizontal<\/td>\n<\/tr>\n<tr>\n<td>Juegos<\/td>\n<td>Biblioteca completa<\/td>\n<td>Biblioteca completa<\/td>\n<\/tr>\n<\/tbody>\n<\/table>\n<p>La calidad de la experiencia de juego se mantiene constante independientemente de la plataforma Luckycapone. Las tragamonedas en l\u00ednea funcionan igual en tel\u00e9fonos y computadoras. Las transmisiones de casino en vivo mantienen la calidad con una conexi\u00f3n a Internet decente. El procesamiento de pagos funciona de manera id\u00e9ntica y el proceso de verificaci\u00f3n se completa en dispositivos m\u00f3viles o de escritorio sin l\u00edmites.<\/p>\n<p><div class=\"scrollable-content-wrap my-5\"><div class=\"scrollable-content-inner\"><h2>Aplicaci\u00f3n m\u00f3vil para iPhones y iPads<\/h2>\n<p>Los propietarios de iPhone y iPad pueden acceder a la aplicaci\u00f3n Luckycapone a trav\u00e9s de Safari o instalando la aplicaci\u00f3n web desde el sitio web del casino. El juego en el navegador funciona perfectamente sin necesidad de instalar nada: solo hay que iniciar sesi\u00f3n y empezar a jugar. Todo funciona: los juegos, los movimientos de dinero, los bonos y el contacto con el equipo de asistencia.<\/p>\n<p>La instalaci\u00f3n como aplicaci\u00f3n web a\u00f1ade acceso a la pantalla de inicio y notificaciones push:<\/p>\n<ol>\n<li>Abre Luckycapone en Safari.<\/li>\n<li>Toca el bot\u00f3n Compartir (cuadrado con flecha hacia arriba).<\/li>\n<li>Despl\u00e1zate hacia abajo y pulsa \u00abA\u00f1adir a la pantalla de inicio\u00bb.<\/li>\n<li>Pulsa \u00abA\u00f1adir\u00bb.<\/li>\n<\/ol>\n<p>El icono de Luckycapone Casino aparecer\u00e1 en tu pantalla de inicio como cualquier otra aplicaci\u00f3n. T\u00f3calo para acceder directamente al casino m\u00f3vil sin necesidad de abrir Safari primero. Las notificaciones push comenzar\u00e1n a funcionar, avis\u00e1ndote de promociones, clasificaciones de torneos y nuevos juegos.<\/p>\n<h3>Soluci\u00f3n de problemas comunes de instalaci\u00f3n<\/h3>\n<p>Los problemas de instalaci\u00f3n en iOS suelen deberse a causas t\u00edpicas. Si no aparece \u00abA\u00f1adir a la pantalla de inicio\u00bb, comprueba que est\u00e1s utilizando Safari, ya que otros navegadores no gestionan correctamente esta funci\u00f3n de iOS. Las versiones antiguas de iOS a veces funcionan de forma extra\u00f1a; actualizarlas suele solucionar los problemas. Si un icono no aparece despu\u00e9s de la instalaci\u00f3n, suele significar que la confirmaci\u00f3n no se ha completado: vuelve a realizar el proceso y aseg\u00farate de pulsar \u00abA\u00f1adir\u00bb al final.<\/p>\n<p>Si las notificaciones push no funcionan, comprueba la configuraci\u00f3n de notificaciones de tu dispositivo: la aplicaci\u00f3n Luckycapone necesita permiso. La carga lenta o los juegos que no se inician suelen deberse a la conexi\u00f3n a Internet. Cambia de la red m\u00f3vil a WiFi si la se\u00f1al es d\u00e9bil. Para borrar la cach\u00e9 de Safari, ve a Ajustes, luego a Safari y selecciona Borrar historial y datos de sitios web. Si sigues teniendo problemas, ponte en contacto con el equipo de asistencia a trav\u00e9s del chat en vivo.<\/p>\n<p><img loading=\"lazy\" decoding=\"async\" src=\"https:\/\/luckycaponecasino.org\/wp-content\/uploads\/2026\/01\/Luckycapone-iOS.webp\" alt=\"Luckycapone iOS\" width=\"1248\" height=\"536\" \/><\/p>\n<\/div><\/div><div style=\"clear: both\"><\/div><div class=\"d-flex justify-content-center\"><button data-item=\"decouvrez_link\" data-group=\"website_links\" class=\"goto fw-bold rounded-pill btn btn-orange\" aria-label=\"Descarga la aplicaci\u00f3n Luckycapone\" >Descarga la aplicaci\u00f3n Luckycapone<\/button><\/div><div class=\"scrollable-content-wrap my-5\"><div class=\"scrollable-content-inner\"><h2>Aplicaci\u00f3n Lucky Capone para Android<\/h2>\n<p>Los dispositivos Android acceden a Luckycapone a trav\u00e9s de Chrome, Firefox u otros navegadores. Se puede jugar a trav\u00e9s del navegador sin necesidad de instalar nada, con todas las funciones disponibles. Al instalar la aplicaci\u00f3n web, tendr\u00e1s acceso a la pantalla de inicio y a las notificaciones push.<\/p>\n<h3>Proceso de instalaci\u00f3n<\/h3>\n<p>Para descargar la aplicaci\u00f3n Lucky Capone:<\/p>\n<ol>\n<li>En el sitio web de tu navegador Android, despl\u00e1zate hasta la parte inferior.<\/li>\n<li>Pulsa en \u00abAplicaci\u00f3n de casino\u00bb.<\/li>\n<li>Pulsa \u00abInstalar\u00bb.<\/li>\n<li>Espere a que finalice el proceso.<\/li>\n<\/ol>\n<p>El icono de Luckycapone aparecer\u00e1 en tu caj\u00f3n de aplicaciones y podr\u00e1s a\u00f1adirlo a la pantalla de inicio como cualquier otra aplicaci\u00f3n. Las actualizaciones se realizan autom\u00e1ticamente, por lo que siempre tendr\u00e1s la \u00faltima versi\u00f3n sin necesidad de descargas manuales. El almacenamiento es m\u00ednimo, ya que las aplicaciones web progresivas utilizan los datos almacenados en cach\u00e9 de forma eficiente.<\/p>\n<p><img loading=\"lazy\" decoding=\"async\" src=\"https:\/\/luckycaponecasino.org\/wp-content\/uploads\/2026\/01\/Luckycapone-Android.webp\" alt=\"Luckycapone Android\" width=\"1248\" height=\"536\" \/><\/p>\n<\/div><\/div><div style=\"clear: both\"><\/div><div class=\"d-flex justify-content-center\"><button data-item=\"decouvrez_link\" data-group=\"website_links\" class=\"goto fw-bold rounded-pill btn btn-orange\" aria-label=\"Descarga la aplicaci\u00f3n Luckycapone\" >Descarga la aplicaci\u00f3n Luckycapone<\/button><\/div><div class=\"scrollable-content-wrap my-5\"><div class=\"scrollable-content-inner\"><h2>Luckycapone en ordenador para macOS o Windows<\/h2>\n<p>Para jugar a Lucky Capone en tu ordenador no es necesario descargar programas que saturen tu disco duro. Se ejecuta a trav\u00e9s de navegadores normales tanto en Mac como en Windows. Para un acceso m\u00e1s r\u00e1pido, crea un acceso directo en el escritorio que abra el casino con un solo clic.<\/p>\n<p>Los usuarios de Windows deben pulsar el men\u00fa de tres puntos en Luckycapone y seleccionar \u00abA\u00f1adir al escritorio\u00bb. Los usuarios de Mac deben seguir pasos similares en Safari o Chrome. El acceso directo abre Luckycapone Casino en su propia ventana en lugar de en otra pesta\u00f1a del navegador.<\/p>\n<p>El escritorio gana en espacio de pantalla y precisi\u00f3n de control. Los monitores m\u00e1s grandes te permiten ver los detalles de las tragaperras online con gr\u00e1ficos complejos. Las retransmisiones de casino en vivo se benefician del \u00e1rea de visualizaci\u00f3n: puedes ver claramente los movimientos del crupier, cada carta que se da la vuelta y leer la informaci\u00f3n de la mesa sin necesidad de ampliar la imagen. No te sentir\u00e1s agobiado al ejecutar varios juegos a la vez. El control del rat\u00f3n es mejor que las pantallas t\u00e1ctiles para los juegos de mesa que requieren una colocaci\u00f3n precisa de las fichas.<\/p>\n<h2><img loading=\"lazy\" decoding=\"async\" src=\"https:\/\/luckycaponecasino.org\/wp-content\/uploads\/2026\/01\/Luckycapone-Desktop.webp\" alt=\"Luckycapone Desktop\" width=\"1248\" height=\"536\" \/><\/h2>\n<\/div><\/div><div style=\"clear: both\"><\/div><div class=\"d-flex justify-content-center\"><button data-item=\"decouvrez_link\" data-group=\"website_links\" class=\"goto fw-bold rounded-pill btn btn-orange\" aria-label=\"Descarga la aplicaci\u00f3n Luckycapone\" >Descarga la aplicaci\u00f3n Luckycapone<\/button><\/div><div class=\"scrollable-content-wrap my-5\"><div class=\"scrollable-content-inner\"><h2>Preguntas frecuentes<\/h2>\n<h3>\u00bfExisten diferencias en los gr\u00e1ficos o en el rendimiento de los juegos entre las versiones para Mac y Windows de Luckycapone?<\/h3>\n<p>No hay diferencias reales. Lucky Capone Casino se ejecuta a trav\u00e9s de navegadores en ambos, por lo que los gr\u00e1ficos, la velocidad y la funcionalidad son id\u00e9nticos. La elecci\u00f3n del navegador es m\u00e1s importante que el sistema operativo. Las variaciones en el rendimiento se deben al hardware de tu ordenador, la velocidad de Internet o la optimizaci\u00f3n del navegador, no a las diferencias entre Mac y Windows.<\/p>\n<h3>\u00bfLa aplicaci\u00f3n para Android es compatible con tabletas y tel\u00e9fonos inteligentes?<\/h3>\n<p>La aplicaci\u00f3n Luckycapone para Android funciona en tel\u00e9fonos y tabletas. La aplicaci\u00f3n detecta el tama\u00f1o de la pantalla y se ajusta autom\u00e1ticamente. Las tabletas obtienen dise\u00f1os horizontales utilizando un ancho adicional, mientras que los tel\u00e9fonos obtienen dise\u00f1os verticales para su uso con una sola mano. El rendimiento se mantiene constante en todos los tipos de dispositivos, siempre y cuando Android y su navegador est\u00e9n razonablemente actualizados.<\/p>\n<h3>\u00bfCon qu\u00e9 frecuencia se actualiza la aplicaci\u00f3n m\u00f3vil Lucky Capone? \u00bfLas actualizaciones son autom\u00e1ticas?<\/h3>\n<p>Las actualizaciones se realizan autom\u00e1ticamente sin necesidad de descargas manuales. Cuando Luckycapone Casino env\u00eda las actualizaciones a los servidores, tu aplicaci\u00f3n obtiene los cambios la pr\u00f3xima vez que la inicias. Siempre ejecutas la versi\u00f3n actual sin tener que comprobar nada. El momento de las actualizaciones var\u00eda: nuevos juegos semanalmente, parches de seguridad seg\u00fan sea necesario y ajustes peri\u00f3dicos en la interfaz. La mayor\u00eda de las actualizaciones se realizan de forma invisible en segundo plano.<\/p>\n<h3>\u00bfLa aplicaci\u00f3n para iOS es compatible con modelos antiguos de iPhone o iPad?<\/h3>\n<p>La versi\u00f3n de Lucky Capone para iOS funciona en la mayor\u00eda de los iPhone y iPad antiguos, siempre y cuando tengan una versi\u00f3n de iOS razonablemente reciente y Safari actualizado. Los dispositivos de aproximadamente 2016 en adelante suelen funcionar bien. El hardware m\u00e1s antiguo puede ralentizarse un poco al cargar tragamonedas con gr\u00e1ficos pesados, pero a\u00fan as\u00ed podr\u00e1s jugar y acceder a todo lo importante. Si tu dispositivo tiene dificultades, cierra las aplicaciones que se ejecutan en segundo plano, aseg\u00farate de que iOS est\u00e9 actualizado a la \u00faltima versi\u00f3n para tu modelo o borra la cach\u00e9 de Safari para liberar espacio. Si no est\u00e1s seguro de si tu iPhone o iPad espec\u00edfico ser\u00e1 compatible, env\u00eda un mensaje al equipo de soporte a trav\u00e9s del chat en vivo con tu modelo y te diremos directamente si funcionar\u00e1 correctamente o no.<\/p>\n<\/div><\/div><\/p>\n","protected":false},"excerpt":{"rendered":"<p>Aplicaci\u00f3n Luckycapone para m\u00f3viles y ordenadores Luckycapone App pone todo el casino en tu tel\u00e9fono, tableta u ordenador sin que tengas que lidiar con descargas de la tienda de aplicaciones o instalaciones de archivos pesados. Est\u00e1 construida como una aplicaci\u00f3n web progresiva, lo que significa que todos los jugadores espa\u00f1oles obtienen la biblioteca completa de [&hellip;]<\/p>\n","protected":false},"author":1,"featured_media":0,"parent":0,"menu_order":0,"comment_status":"closed","ping_status":"closed","template":"template-builder.php","meta":{"_acf_changed":false,"inline_featured_image":false,"footnotes":""},"class_list":["post-1427","page","type-page","status-publish","hentry"],"acf":[],"yoast_head":"<!-- This site is optimized with the Yoast SEO plugin v27.3 - https:\/\/yoast.com\/product\/yoast-seo-wordpress\/ -->\n<title>Luckycapone Casino App | Descarga para iOS y Android<\/title>\n<meta name=\"description\" content=\"La Lucky Capone app te da acceso a todos tus juegos favoritos en smartphones, tablets y ordenadores. Disfruta de tiempos de carga r\u00e1pidos, banca segura dentro de la app y bonos y datos de cuenta sincronizados.\" \/>\n<meta name=\"robots\" content=\"index, follow, max-snippet:-1, max-image-preview:large, max-video-preview:-1\" \/>\n<link rel=\"canonical\" href=\"https:\/\/luckycaponecasino.org\/es\/aplicacion\/\" \/>\n<meta property=\"og:locale\" content=\"es_ES\" \/>\n<meta property=\"og:type\" content=\"article\" \/>\n<meta property=\"og:title\" content=\"Luckycapone Casino App | Descarga para iOS y Android\" \/>\n<meta property=\"og:description\" content=\"La Lucky Capone app te da acceso a todos tus juegos favoritos en smartphones, tablets y ordenadores. Disfruta de tiempos de carga r\u00e1pidos, banca segura dentro de la app y bonos y datos de cuenta sincronizados.\" \/>\n<meta property=\"og:url\" content=\"https:\/\/luckycaponecasino.org\/es\/aplicacion\/\" \/>\n<meta property=\"og:site_name\" content=\"luckycapone\" \/>\n<meta property=\"article:modified_time\" content=\"2026-02-02T07:43:50+00:00\" \/>\n<meta name=\"twitter:card\" content=\"summary_large_image\" \/>\n<meta name=\"twitter:label1\" content=\"Est. reading time\" \/>\n\t<meta name=\"twitter:data1\" content=\"2 minutos\" \/>\n<script type=\"application\/ld+json\" class=\"yoast-schema-graph\">{\"@context\":\"https:\\\/\\\/schema.org\",\"@graph\":[{\"@type\":\"WebPage\",\"@id\":\"https:\\\/\\\/luckycaponecasino.org\\\/es\\\/aplicacion\\\/\",\"url\":\"https:\\\/\\\/luckycaponecasino.org\\\/es\\\/aplicacion\\\/\",\"name\":\"Luckycapone Casino App | Descarga para iOS y Android\",\"isPartOf\":{\"@id\":\"https:\\\/\\\/luckycaponecasino.org\\\/es\\\/#website\"},\"datePublished\":\"2026-01-29T14:30:26+00:00\",\"dateModified\":\"2026-02-02T07:43:50+00:00\",\"description\":\"La Lucky Capone app te da acceso a todos tus juegos favoritos en smartphones, tablets y ordenadores. Disfruta de tiempos de carga r\u00e1pidos, banca segura dentro de la app y bonos y datos de cuenta sincronizados.\",\"breadcrumb\":{\"@id\":\"https:\\\/\\\/luckycaponecasino.org\\\/es\\\/aplicacion\\\/#breadcrumb\"},\"inLanguage\":\"es\",\"potentialAction\":[{\"@type\":\"ReadAction\",\"target\":[\"https:\\\/\\\/luckycaponecasino.org\\\/es\\\/aplicacion\\\/\"]}]},{\"@type\":\"BreadcrumbList\",\"@id\":\"https:\\\/\\\/luckycaponecasino.org\\\/es\\\/aplicacion\\\/#breadcrumb\",\"itemListElement\":[{\"@type\":\"ListItem\",\"position\":1,\"name\":\"Luckycapone\",\"item\":\"https:\\\/\\\/luckycaponecasino.org\\\/es\\\/\"},{\"@type\":\"ListItem\",\"position\":2,\"name\":\"Aplicaci\u00f3n\"}]},{\"@type\":\"WebSite\",\"@id\":\"https:\\\/\\\/luckycaponecasino.org\\\/es\\\/#website\",\"url\":\"https:\\\/\\\/luckycaponecasino.org\\\/es\\\/\",\"name\":\"Luckycapone\",\"description\":\"\",\"publisher\":{\"@id\":\"https:\\\/\\\/luckycaponecasino.org\\\/es\\\/#organization\"},\"potentialAction\":[{\"@type\":\"SearchAction\",\"target\":{\"@type\":\"EntryPoint\",\"urlTemplate\":\"https:\\\/\\\/luckycaponecasino.org\\\/es\\\/?s={search_term_string}\"},\"query-input\":{\"@type\":\"PropertyValueSpecification\",\"valueRequired\":true,\"valueName\":\"search_term_string\"}}],\"inLanguage\":\"es\"},{\"@type\":\"Organization\",\"@id\":\"https:\\\/\\\/luckycaponecasino.org\\\/es\\\/#organization\",\"name\":\"Luckycapone\",\"url\":\"https:\\\/\\\/luckycaponecasino.org\\\/es\\\/\",\"logo\":{\"@type\":\"ImageObject\",\"inLanguage\":\"es\",\"@id\":\"https:\\\/\\\/luckycaponecasino.org\\\/es\\\/#\\\/schema\\\/logo\\\/image\\\/\",\"url\":\"https:\\\/\\\/luckycaponecasino.org\\\/wp-content\\\/uploads\\\/2026\\\/01\\\/logo-luckycapone.svg\",\"contentUrl\":\"https:\\\/\\\/luckycaponecasino.org\\\/wp-content\\\/uploads\\\/2026\\\/01\\\/logo-luckycapone.svg\",\"width\":70,\"height\":24,\"caption\":\"Luckycapone\"},\"image\":{\"@id\":\"https:\\\/\\\/luckycaponecasino.org\\\/es\\\/#\\\/schema\\\/logo\\\/image\\\/\"}}]}<\/script>\n<!-- \/ Yoast SEO plugin. -->","yoast_head_json":{"title":"Luckycapone Casino App | Descarga para iOS y Android","description":"La Lucky Capone app te da acceso a todos tus juegos favoritos en smartphones, tablets y ordenadores. Disfruta de tiempos de carga r\u00e1pidos, banca segura dentro de la app y bonos y datos de cuenta sincronizados.","robots":{"index":"index","follow":"follow","max-snippet":"max-snippet:-1","max-image-preview":"max-image-preview:large","max-video-preview":"max-video-preview:-1"},"canonical":"https:\/\/luckycaponecasino.org\/es\/aplicacion\/","og_locale":"es_ES","og_type":"article","og_title":"Luckycapone Casino App | Descarga para iOS y Android","og_description":"La Lucky Capone app te da acceso a todos tus juegos favoritos en smartphones, tablets y ordenadores. Disfruta de tiempos de carga r\u00e1pidos, banca segura dentro de la app y bonos y datos de cuenta sincronizados.","og_url":"https:\/\/luckycaponecasino.org\/es\/aplicacion\/","og_site_name":"luckycapone","article_modified_time":"2026-02-02T07:43:50+00:00","twitter_card":"summary_large_image","twitter_misc":{"Est. reading time":"2 minutos"},"schema":{"@context":"https:\/\/schema.org","@graph":[{"@type":"WebPage","@id":"https:\/\/luckycaponecasino.org\/es\/aplicacion\/","url":"https:\/\/luckycaponecasino.org\/es\/aplicacion\/","name":"Luckycapone Casino App | Descarga para iOS y Android","isPartOf":{"@id":"https:\/\/luckycaponecasino.org\/es\/#website"},"datePublished":"2026-01-29T14:30:26+00:00","dateModified":"2026-02-02T07:43:50+00:00","description":"La Lucky Capone app te da acceso a todos tus juegos favoritos en smartphones, tablets y ordenadores. Disfruta de tiempos de carga r\u00e1pidos, banca segura dentro de la app y bonos y datos de cuenta sincronizados.","breadcrumb":{"@id":"https:\/\/luckycaponecasino.org\/es\/aplicacion\/#breadcrumb"},"inLanguage":"es","potentialAction":[{"@type":"ReadAction","target":["https:\/\/luckycaponecasino.org\/es\/aplicacion\/"]}]},{"@type":"BreadcrumbList","@id":"https:\/\/luckycaponecasino.org\/es\/aplicacion\/#breadcrumb","itemListElement":[{"@type":"ListItem","position":1,"name":"Luckycapone","item":"https:\/\/luckycaponecasino.org\/es\/"},{"@type":"ListItem","position":2,"name":"Aplicaci\u00f3n"}]},{"@type":"WebSite","@id":"https:\/\/luckycaponecasino.org\/es\/#website","url":"https:\/\/luckycaponecasino.org\/es\/","name":"Luckycapone","description":"","publisher":{"@id":"https:\/\/luckycaponecasino.org\/es\/#organization"},"potentialAction":[{"@type":"SearchAction","target":{"@type":"EntryPoint","urlTemplate":"https:\/\/luckycaponecasino.org\/es\/?s={search_term_string}"},"query-input":{"@type":"PropertyValueSpecification","valueRequired":true,"valueName":"search_term_string"}}],"inLanguage":"es"},{"@type":"Organization","@id":"https:\/\/luckycaponecasino.org\/es\/#organization","name":"Luckycapone","url":"https:\/\/luckycaponecasino.org\/es\/","logo":{"@type":"ImageObject","inLanguage":"es","@id":"https:\/\/luckycaponecasino.org\/es\/#\/schema\/logo\/image\/","url":"https:\/\/luckycaponecasino.org\/wp-content\/uploads\/2026\/01\/logo-luckycapone.svg","contentUrl":"https:\/\/luckycaponecasino.org\/wp-content\/uploads\/2026\/01\/logo-luckycapone.svg","width":70,"height":24,"caption":"Luckycapone"},"image":{"@id":"https:\/\/luckycaponecasino.org\/es\/#\/schema\/logo\/image\/"}}]}},"_links":{"self":[{"href":"https:\/\/luckycaponecasino.org\/es\/wp-json\/wp\/v2\/pages\/1427","targetHints":{"allow":["GET"]}}],"collection":[{"href":"https:\/\/luckycaponecasino.org\/es\/wp-json\/wp\/v2\/pages"}],"about":[{"href":"https:\/\/luckycaponecasino.org\/es\/wp-json\/wp\/v2\/types\/page"}],"author":[{"embeddable":true,"href":"https:\/\/luckycaponecasino.org\/es\/wp-json\/wp\/v2\/users\/1"}],"replies":[{"embeddable":true,"href":"https:\/\/luckycaponecasino.org\/es\/wp-json\/wp\/v2\/comments?post=1427"}],"version-history":[{"count":4,"href":"https:\/\/luckycaponecasino.org\/es\/wp-json\/wp\/v2\/pages\/1427\/revisions"}],"predecessor-version":[{"id":1822,"href":"https:\/\/luckycaponecasino.org\/es\/wp-json\/wp\/v2\/pages\/1427\/revisions\/1822"}],"wp:attachment":[{"href":"https:\/\/luckycaponecasino.org\/es\/wp-json\/wp\/v2\/media?parent=1427"}],"curies":[{"name":"wp","href":"https:\/\/api.w.org\/{rel}","templated":true}]}}